{"id":8,"date":"2020-11-02T11:46:11","date_gmt":"2020-11-02T11:46:11","guid":{"rendered":"http:\/\/kdnsk\/?page_id=8"},"modified":"2026-03-17T19:11:10","modified_gmt":"2026-03-17T18:11:10","slug":"uvod","status":"publish","type":"page","link":"https:\/\/reznicka.jinakrajina.cz\/cs\/","title":{"rendered":"\u00davod"},"content":{"rendered":"<div class=\"news \">\n\n\t<div class=\"master-margin\">\n\n    <h2>Novinky<\/h2>\n    \n    <div class=\"follow\"><span class=\"sledujte\">Sledujte n\u00e1s na Facebooku<\/span><iframe src=\"\/\/www.facebook.com\/plugins\/like.php?href=http%3A%2F%2Fwww.facebook.com%2Fjinakrajina&amp;send=false&amp;layout=button_count&amp;width=200&amp;show_faces=false&amp;action=like&amp;colorscheme=light&amp;font&amp;height=21&amp;appId=326796704055500\" scrolling=\"no\" frameborder=\"0\" style=\"border:none; overflow:hidden; width:145px; height:21px;\" allowTransparency=\"true\"><\/iframe><\/div>\n    <div class=\"promoBox\">\n      <div class=\"promo-wrap\">\n        <div class=\"image\">\n          <img loading=\"lazy\" decoding=\"async\" width=\"169\" height=\"300\" src=\"https:\/\/reznicka.jinakrajina.cz\/wp-content\/uploads\/2026\/03\/Peach-beige-Elegant-Interior-Design-Reference-Frame-Instagram-Story-169x300.jpeg\" class=\"\" alt=\"\" srcset=\"https:\/\/reznicka.jinakrajina.cz\/wp-content\/uploads\/2026\/03\/Peach-beige-Elegant-Interior-Design-Reference-Frame-Instagram-Story-169x300.jpeg 169w, https:\/\/reznicka.jinakrajina.cz\/wp-content\/uploads\/2026\/03\/Peach-beige-Elegant-Interior-Design-Reference-Frame-Instagram-Story.jpeg 540w\" sizes=\"auto, (max-width: 169px) 100vw, 169px\" \/>        <\/div>\n        \n          <div class=\"box-content\">\n            <h3>Nep\u0159ehl\u00e9dn\u011bte<\/h3>\n            <strong>Pron\u00e1jem sal\u00f3nku pro Va\u0161i akci!!<\/strong>\n          <\/div>\n      <\/div>\n    <\/div>\n    \n  <\/div>  \n<\/div>\t\n\n<div class=\"gallery dark-bg\">\n  <div class=\"topsep\"><\/div>  \n  \n\t<div class=\"img-control\">\n          <img loading=\"lazy\" decoding=\"async\" width=\"960\" height=\"395\" src=\"https:\/\/reznicka.jinakrajina.cz\/wp-content\/uploads\/2020\/11\/bg-top-jk.jpg\" class=\"active\" alt=\"\" data-id=\"1\" srcset=\"https:\/\/reznicka.jinakrajina.cz\/wp-content\/uploads\/2020\/11\/bg-top-jk.jpg 960w, https:\/\/reznicka.jinakrajina.cz\/wp-content\/uploads\/2020\/11\/bg-top-jk-300x123.jpg 300w, https:\/\/reznicka.jinakrajina.cz\/wp-content\/uploads\/2020\/11\/bg-top-jk-768x316.jpg 768w\" sizes=\"auto, (max-width: 960px) 100vw, 960px\" \/>          <img loading=\"lazy\" decoding=\"async\" width=\"960\" height=\"395\" src=\"https:\/\/reznicka.jinakrajina.cz\/wp-content\/uploads\/2020\/11\/bg-top-jk-2.jpg\" class=\"\" alt=\"\" data-id=\"2\" srcset=\"https:\/\/reznicka.jinakrajina.cz\/wp-content\/uploads\/2020\/11\/bg-top-jk-2.jpg 960w, https:\/\/reznicka.jinakrajina.cz\/wp-content\/uploads\/2020\/11\/bg-top-jk-2-300x123.jpg 300w, https:\/\/reznicka.jinakrajina.cz\/wp-content\/uploads\/2020\/11\/bg-top-jk-2-768x316.jpg 768w\" sizes=\"auto, (max-width: 960px) 100vw, 960px\" \/>          <img loading=\"lazy\" decoding=\"async\" width=\"960\" height=\"395\" src=\"https:\/\/reznicka.jinakrajina.cz\/wp-content\/uploads\/2020\/11\/bg-top-jk3.jpg\" class=\"\" alt=\"\" data-id=\"3\" srcset=\"https:\/\/reznicka.jinakrajina.cz\/wp-content\/uploads\/2020\/11\/bg-top-jk3.jpg 960w, https:\/\/reznicka.jinakrajina.cz\/wp-content\/uploads\/2020\/11\/bg-top-jk3-300x123.jpg 300w, https:\/\/reznicka.jinakrajina.cz\/wp-content\/uploads\/2020\/11\/bg-top-jk3-768x316.jpg 768w\" sizes=\"auto, (max-width: 960px) 100vw, 960px\" \/>       \n\t<\/div>\n\t<div class=\"content-control\">\n\t\t<div class=\"content-wraps\" data-id=\"1\">\n\t\t\t<h2>Jin\u00e1 Krajina<\/h2>\n\t\t  <p class=\"headline\">V\u017edy \u010derstv\u00e9 suroviny, n\u011bkter\u00e9 p\u011bstov\u00e1ny<br class='tonly'> ve vlastn\u00edm sklen\u00edku, mil\u00e1 a p\u0159\u00e1telsk\u00e1 obsluha.<br class='tonly'> Jako jedin\u00ed v Praze \u010depujeme POLI\u010cSK\u00dd sv\u011btl\u00fd ru\u010dn\u011b<br class='tonly'> pln\u011bn\u00fd nefiltrovan\u00fd le\u017e\u00e1k skladovan\u00fd p\u0159i teplot\u011b<br class='tonly'> 5 &#8211; 6\u00b0C &#8211; konkurenta tankov\u00fdch piv.<\/p>\t\t\t\t\n\t\t<\/div>\n  <\/div>\n  \n\t<div class=\"gal-switch\">\n          <div class=\"gal-switch-item active\" data-id=\"1\">\n        <img loading=\"lazy\" decoding=\"async\" width=\"300\" height=\"123\" src=\"https:\/\/reznicka.jinakrajina.cz\/wp-content\/uploads\/2020\/11\/bg-top-jk-300x123.jpg\" class=\"\" alt=\"\" data-id=\"1\" srcset=\"https:\/\/reznicka.jinakrajina.cz\/wp-content\/uploads\/2020\/11\/bg-top-jk-300x123.jpg 300w, https:\/\/reznicka.jinakrajina.cz\/wp-content\/uploads\/2020\/11\/bg-top-jk-768x316.jpg 768w, https:\/\/reznicka.jinakrajina.cz\/wp-content\/uploads\/2020\/11\/bg-top-jk.jpg 960w\" sizes=\"auto, (max-width: 300px) 100vw, 300px\" \/>      <\/div>      \n          <div class=\"gal-switch-item\" data-id=\"2\">\n        <img loading=\"lazy\" decoding=\"async\" width=\"300\" height=\"123\" src=\"https:\/\/reznicka.jinakrajina.cz\/wp-content\/uploads\/2020\/11\/bg-top-jk-2-300x123.jpg\" class=\"\" alt=\"\" data-id=\"2\" srcset=\"https:\/\/reznicka.jinakrajina.cz\/wp-content\/uploads\/2020\/11\/bg-top-jk-2-300x123.jpg 300w, https:\/\/reznicka.jinakrajina.cz\/wp-content\/uploads\/2020\/11\/bg-top-jk-2-768x316.jpg 768w, https:\/\/reznicka.jinakrajina.cz\/wp-content\/uploads\/2020\/11\/bg-top-jk-2.jpg 960w\" sizes=\"auto, (max-width: 300px) 100vw, 300px\" \/>      <\/div>      \n          <div class=\"gal-switch-item\" data-id=\"3\">\n        <img loading=\"lazy\" decoding=\"async\" width=\"300\" height=\"123\" src=\"https:\/\/reznicka.jinakrajina.cz\/wp-content\/uploads\/2020\/11\/bg-top-jk3-300x123.jpg\" class=\"\" alt=\"\" data-id=\"3\" srcset=\"https:\/\/reznicka.jinakrajina.cz\/wp-content\/uploads\/2020\/11\/bg-top-jk3-300x123.jpg 300w, https:\/\/reznicka.jinakrajina.cz\/wp-content\/uploads\/2020\/11\/bg-top-jk3-768x316.jpg 768w, https:\/\/reznicka.jinakrajina.cz\/wp-content\/uploads\/2020\/11\/bg-top-jk3.jpg 960w\" sizes=\"auto, (max-width: 300px) 100vw, 300px\" \/>      <\/div>      \n        \n  <\/div>\n<\/div>\n\n<div class=\"dark-bg-glow\">\n\t<div class=\"menu-control\">\n\t\t<a class=\"menu-box\" href=\"\/typ_listku\/jidelni-listek\/\">\n\t\t\t<h2>J\u00eddlo<\/h2>\n\t\t\t<div class=\"menu-content-wrap\">\n\t\t\t\t<p>Chlazen\u00e9 ryby, vegetari\u00e1nsk\u00e9 pokrmy, steaky, sal\u00e1ty, pol\u00e9vky, \u010derstv\u00e9 bylinky, dezerty &#8211; v\u0161e u n\u00e1s vyroben\u00e9.<\/p>\n\t\t\t\t<img loading=\"lazy\" decoding=\"async\" width=\"206\" height=\"137\" src=\"https:\/\/reznicka.jinakrajina.cz\/wp-content\/uploads\/2020\/11\/under-lid-lg.png\" class=\"attachment-src size-src\" alt=\"\" \/>\t\t\t<\/div>\n\t\t<\/a>\n        \n\t\t<a class=\"menu-box\" href=\"\/typ_listku\/napojovy-listek\/\">\n\t\t\t<h2>N\u00e1poje<\/h2>\n\t\t\t<div class=\"menu-content-wrap\">\n\t\t\t\t<p>Jako jedin\u00ed v Praze \u010depujeme POLI\u010cSK\u00dd sv\u011btl\u00fd ru\u010dn\u011b pln\u011bn\u00fd nefiltrovan\u00fd le\u017e\u00e1k skladovan\u00fd p\u0159i teplot\u011b 5 &#8211; 6\u00b0C &#8211; konkurenta tankov\u00fdch piv. Dom\u00e1c\u00ed limon\u00e1dy, \u010daje z \u010derstv\u00fdch bylin, fresh juices&#8230;<\/p>\n\t\t\t\t<img loading=\"lazy\" decoding=\"async\" width=\"170\" height=\"145\" src=\"https:\/\/reznicka.jinakrajina.cz\/wp-content\/uploads\/2020\/11\/mug.png\" class=\"attachment-src size-src\" alt=\"\" \/>\t\t\t<\/div>\n\t\t<\/a>                   \n\t<\/div>\n<\/div>\n\n<div class=\"tabs dark-bg\">\n\t<div class=\"img-control\">\n                    <img loading=\"lazy\" decoding=\"async\" width=\"1500\" height=\"591\" src=\"https:\/\/reznicka.jinakrajina.cz\/wp-content\/uploads\/2020\/11\/bg-salonek-1.jpg\" class=\"active\" alt=\"\" data-id=\"1\" srcset=\"https:\/\/reznicka.jinakrajina.cz\/wp-content\/uploads\/2020\/11\/bg-salonek-1.jpg 1500w, https:\/\/reznicka.jinakrajina.cz\/wp-content\/uploads\/2020\/11\/bg-salonek-1-300x118.jpg 300w, https:\/\/reznicka.jinakrajina.cz\/wp-content\/uploads\/2020\/11\/bg-salonek-1-1024x403.jpg 1024w, https:\/\/reznicka.jinakrajina.cz\/wp-content\/uploads\/2020\/11\/bg-salonek-1-768x303.jpg 768w, https:\/\/reznicka.jinakrajina.cz\/wp-content\/uploads\/2020\/11\/bg-salonek-1-1320x520.jpg 1320w\" sizes=\"auto, (max-width: 1500px) 100vw, 1500px\" \/>                    <img loading=\"lazy\" decoding=\"async\" width=\"1500\" height=\"591\" src=\"https:\/\/reznicka.jinakrajina.cz\/wp-content\/uploads\/2020\/11\/bg-zahradka.jpg\" class=\"\" alt=\"\" data-id=\"2\" srcset=\"https:\/\/reznicka.jinakrajina.cz\/wp-content\/uploads\/2020\/11\/bg-zahradka.jpg 1500w, https:\/\/reznicka.jinakrajina.cz\/wp-content\/uploads\/2020\/11\/bg-zahradka-300x118.jpg 300w, https:\/\/reznicka.jinakrajina.cz\/wp-content\/uploads\/2020\/11\/bg-zahradka-1024x403.jpg 1024w, https:\/\/reznicka.jinakrajina.cz\/wp-content\/uploads\/2020\/11\/bg-zahradka-768x303.jpg 768w, https:\/\/reznicka.jinakrajina.cz\/wp-content\/uploads\/2020\/11\/bg-zahradka-1320x520.jpg 1320w\" sizes=\"auto, (max-width: 1500px) 100vw, 1500px\" \/>                  \n\t<\/div>\n\t<div class=\"tabs-position\">\n\t\t<div class=\"tab-switcher\">\n                            <div class=\"tab-switch active\" data-id=\"1\">Sal\u00f3nek<\/div>\n                            <div class=\"tab-switch \" data-id=\"2\">Zahr\u00e1dka<\/div>\n                        \t\t\t\n\t\t<\/div>\n\t\t<div class=\"content-control\">\n                            <div class=\"content-wrap active\" data-id=\"1\">\t\n                    <p class=\"headline\">Firemn\u00ed ve\u010d\u00edrky, promoce, narozeninov\u00e9 ve\u010d\u00edrky, rodinn\u00e9 oslavy, svatby, rauty apod. Kapacita 35 osob. U\u017eijte si vyda\u0159enou soukromou akci.<\/p>\n                <\/div>\n                            <div class=\"content-wrap \" data-id=\"2\">\t\n                    <p class=\"headline\">K dispozici jsou dv\u011b klidn\u00e9 vnitroblokov\u00e9 zahr\u00e1dky, kde V\u00e1m r\u00e1di rezervujeme st\u016fl.<\/p>\n                <\/div>\n            \t\t<\/div>\n\t<\/div>\n<\/div>","protected":false},"excerpt":{"rendered":"","protected":false},"author":3,"featured_media":0,"parent":0,"menu_order":0,"comment_status":"closed","ping_status":"closed","template":"","meta":{"_acf_changed":false,"footnotes":""},"class_list":["post-8","page","type-page","status-publish","hentry"],"acf":[],"yoast_head":"<!-- This site is optimized with the Yoast SEO plugin v26.7 - https:\/\/yoast.com\/wordpress\/plugins\/seo\/ -->\n<title>\u00davod - Jin\u00e1 Krajina<\/title>\n<meta name=\"robots\" content=\"index, follow, max-snippet:-1, max-image-preview:large, max-video-preview:-1\" \/>\n<link rel=\"canonical\" href=\"https:\/\/reznicka.jinakrajina.cz\/cs\/\" \/>\n<meta property=\"og:locale\" content=\"cs_CZ\" \/>\n<meta property=\"og:type\" content=\"article\" \/>\n<meta property=\"og:title\" content=\"\u00davod - Jin\u00e1 Krajina\" \/>\n<meta property=\"og:url\" content=\"https:\/\/reznicka.jinakrajina.cz\/cs\/\" \/>\n<meta property=\"og:site_name\" content=\"Jin\u00e1 Krajina\" \/>\n<meta property=\"article:modified_time\" content=\"2026-03-17T18:11:10+00:00\" \/>\n<meta name=\"twitter:card\" content=\"summary_large_image\" \/>\n<script type=\"application\/ld+json\" class=\"yoast-schema-graph\">{\"@context\":\"https:\/\/schema.org\",\"@graph\":[{\"@type\":\"WebPage\",\"@id\":\"https:\/\/reznicka.jinakrajina.cz\/cs\/\",\"url\":\"https:\/\/reznicka.jinakrajina.cz\/cs\/\",\"name\":\"\u00davod - Jin\u00e1 Krajina\",\"isPartOf\":{\"@id\":\"https:\/\/reznicka.jinakrajina.cz\/cs\/#website\"},\"datePublished\":\"2020-11-02T11:46:11+00:00\",\"dateModified\":\"2026-03-17T18:11:10+00:00\",\"breadcrumb\":{\"@id\":\"https:\/\/reznicka.jinakrajina.cz\/cs\/#breadcrumb\"},\"inLanguage\":\"cs\",\"potentialAction\":[{\"@type\":\"ReadAction\",\"target\":[\"https:\/\/reznicka.jinakrajina.cz\/cs\/\"]}]},{\"@type\":\"BreadcrumbList\",\"@id\":\"https:\/\/reznicka.jinakrajina.cz\/cs\/#breadcrumb\",\"itemListElement\":[{\"@type\":\"ListItem\",\"position\":1,\"name\":\"Home\",\"item\":\"https:\/\/reznicka.jinakrajina.cz\/cs\/\"},{\"@type\":\"ListItem\",\"position\":2,\"name\":\"\u00davod\"}]},{\"@type\":\"WebSite\",\"@id\":\"https:\/\/reznicka.jinakrajina.cz\/cs\/#website\",\"url\":\"https:\/\/reznicka.jinakrajina.cz\/cs\/\",\"name\":\"Jin\u00e1 Krajina\",\"description\":\"\",\"potentialAction\":[{\"@type\":\"SearchAction\",\"target\":{\"@type\":\"EntryPoint\",\"urlTemplate\":\"https:\/\/reznicka.jinakrajina.cz\/cs\/?s={search_term_string}\"},\"query-input\":{\"@type\":\"PropertyValueSpecification\",\"valueRequired\":true,\"valueName\":\"search_term_string\"}}],\"inLanguage\":\"cs\"}]}<\/script>\n<!-- \/ Yoast SEO plugin. -->","yoast_head_json":{"title":"\u00davod - Jin\u00e1 Krajina","robots":{"index":"index","follow":"follow","max-snippet":"max-snippet:-1","max-image-preview":"max-image-preview:large","max-video-preview":"max-video-preview:-1"},"canonical":"https:\/\/reznicka.jinakrajina.cz\/cs\/","og_locale":"cs_CZ","og_type":"article","og_title":"\u00davod - Jin\u00e1 Krajina","og_url":"https:\/\/reznicka.jinakrajina.cz\/cs\/","og_site_name":"Jin\u00e1 Krajina","article_modified_time":"2026-03-17T18:11:10+00:00","twitter_card":"summary_large_image","schema":{"@context":"https:\/\/schema.org","@graph":[{"@type":"WebPage","@id":"https:\/\/reznicka.jinakrajina.cz\/cs\/","url":"https:\/\/reznicka.jinakrajina.cz\/cs\/","name":"\u00davod - Jin\u00e1 Krajina","isPartOf":{"@id":"https:\/\/reznicka.jinakrajina.cz\/cs\/#website"},"datePublished":"2020-11-02T11:46:11+00:00","dateModified":"2026-03-17T18:11:10+00:00","breadcrumb":{"@id":"https:\/\/reznicka.jinakrajina.cz\/cs\/#breadcrumb"},"inLanguage":"cs","potentialAction":[{"@type":"ReadAction","target":["https:\/\/reznicka.jinakrajina.cz\/cs\/"]}]},{"@type":"BreadcrumbList","@id":"https:\/\/reznicka.jinakrajina.cz\/cs\/#breadcrumb","itemListElement":[{"@type":"ListItem","position":1,"name":"Home","item":"https:\/\/reznicka.jinakrajina.cz\/cs\/"},{"@type":"ListItem","position":2,"name":"\u00davod"}]},{"@type":"WebSite","@id":"https:\/\/reznicka.jinakrajina.cz\/cs\/#website","url":"https:\/\/reznicka.jinakrajina.cz\/cs\/","name":"Jin\u00e1 Krajina","description":"","potentialAction":[{"@type":"SearchAction","target":{"@type":"EntryPoint","urlTemplate":"https:\/\/reznicka.jinakrajina.cz\/cs\/?s={search_term_string}"},"query-input":{"@type":"PropertyValueSpecification","valueRequired":true,"valueName":"search_term_string"}}],"inLanguage":"cs"}]}},"_links":{"self":[{"href":"https:\/\/reznicka.jinakrajina.cz\/cs\/wp-json\/wp\/v2\/pages\/8","targetHints":{"allow":["GET"]}}],"collection":[{"href":"https:\/\/reznicka.jinakrajina.cz\/cs\/wp-json\/wp\/v2\/pages"}],"about":[{"href":"https:\/\/reznicka.jinakrajina.cz\/cs\/wp-json\/wp\/v2\/types\/page"}],"author":[{"embeddable":true,"href":"https:\/\/reznicka.jinakrajina.cz\/cs\/wp-json\/wp\/v2\/users\/3"}],"replies":[{"embeddable":true,"href":"https:\/\/reznicka.jinakrajina.cz\/cs\/wp-json\/wp\/v2\/comments?post=8"}],"version-history":[{"count":37,"href":"https:\/\/reznicka.jinakrajina.cz\/cs\/wp-json\/wp\/v2\/pages\/8\/revisions"}],"predecessor-version":[{"id":70708,"href":"https:\/\/reznicka.jinakrajina.cz\/cs\/wp-json\/wp\/v2\/pages\/8\/revisions\/70708"}],"wp:attachment":[{"href":"https:\/\/reznicka.jinakrajina.cz\/cs\/wp-json\/wp\/v2\/media?parent=8"}],"curies":[{"name":"wp","href":"https:\/\/api.w.org\/{rel}","templated":true}]}}